{"id":558,"date":"2017-01-25T10:56:36","date_gmt":"2017-01-25T09:56:36","guid":{"rendered":"http:\/\/www.schell-international.com\/?page_id=558\/"},"modified":"2017-01-26T11:19:08","modified_gmt":"2017-01-26T10:19:08","slug":"azienda","status":"publish","type":"page","link":"https:\/\/www.schell-international.com\/it\/azienda\/","title":{"rendered":"AZIENDA"},"content":{"rendered":"<h3>Storia dell&#8217;azienda<\/h3>\n<p>Schell \u00e8 stata fondata in Tirolo circa 30 anni fa come azienda a gestione familiare e produce, insieme alla societ\u00e0 affiliata <a href=\"http:\/\/www.italschell.it\/\">ItalSchell ECOPRIMA\u00ae<\/a> evaporatori sottovuoto per la depurazione delle acque di scarico industriali, anche con soluzioni su misura e personalizzate per il cliente. Con <a href=\"http:\/\/www.schell-eurasia.com\/\" target=\"_blank\">Schell Eurasia<\/a> siamo riusciti, 10 anni fa, ad inserirci in Russia.<\/p>\n<h3>Perch\u00e9 questo prodotto \u00e8 cos\u00ec innovativo?<\/h3>\n<p>Gli ECOPRIMA\u00ae\u00a0sono impianti di distillazione sottovuoto, che recuperano acqua pulita riciclabile dalle acque reflue sporche, senza ausilio di nessun tipo di prodotti chimici. I prodotti ECOPRIMA\u00ae\u00a0sono dunque molto innovativi e rappresentano l&#8217;ultimo ritrovato della tecnica in quanto: \u201cstato dell\u2019arte\u201d.<\/p>\n<h3>Innovazione in azienda<\/h3>\n<p><strong>Schell collabora in modo molto stretto con diverse universit\u00e0 europee e partecipa, insieme ai suoi tecnici e ingegneri, al programma europeo Horizon 2020.<\/strong><\/p>\n<p>Schell pu\u00f2 essere considerato, con le sue note referenze in 34 paesi nel mondo, il fornitore indipendente con pi\u00f9 esperienza sul mercato. Siamo molto fieri del fatto che i nostri impianti ECOPRIMA\u00ae siano utilizzati con successo da molti anni in banche nazionali, enti per la coniatura di monete, officine carte valori, nonch\u00e9 in aziende come la Swarovski.<\/p>\n<p>Schell \u00e8 certificata\u00a0ISO 9001:2015 e tutti gli impianti sono concepiti, progettati e realizzati in conformit\u00e0 con la direttiva PED 97\/23\/CE, prescritta obbligatoriamente per tutti gli apparecchi a pressione.<br \/>\nRicerca, progettazione e costruzione ruotano rispettivamente sul tipo di acqua di scarico da trattare, che spazia da emulsioni quasi innocue contenenti olio ad acidi aggressivi, fino ad arrivare ad acqua di raffreddamento contaminate da scorie radioattive.<\/p>\n<p>La selezione accurata dei diversi componenti, la pianificazione dettagliata e il lavoro molto professionale del nostro dipartimento di produzione, permettono di realizzare impianti di alto livello, ma, soprattutto, di servire clienti soddisfatti dei loro investimenti.<br \/>\nIl nostro dipartimento di supporto tecnico, composto dai migliori esperti nel campo, garantisce un servizio competente ed eccezionale di assistenza, anche per impianti di altre marche.<\/p>\n","protected":false},"excerpt":{"rendered":"<p>Storia dell&#8217;azienda Schell \u00e8 stata fondata in Tirolo circa 30 anni fa come azienda a gestione familiare e produce, insieme alla societ\u00e0 affiliata ItalSchell ECOPRIMA\u00ae evaporatori sottovuoto per la depurazione delle acque di scarico industriali, [&hellip;]<\/p>\n","protected":false},"author":1,"featured_media":188,"parent":0,"menu_order":0,"comment_status":"closed","ping_status":"closed","template":"","meta":[],"_links":{"self":[{"href":"https:\/\/www.schell-international.com\/it\/wp-json\/wp\/v2\/pages\/558"}],"collection":[{"href":"https:\/\/www.schell-international.com\/it\/wp-json\/wp\/v2\/pages"}],"about":[{"href":"https:\/\/www.schell-international.com\/it\/wp-json\/wp\/v2\/types\/page"}],"author":[{"embeddable":true,"href":"https:\/\/www.schell-international.com\/it\/wp-json\/wp\/v2\/users\/1"}],"replies":[{"embeddable":true,"href":"https:\/\/www.schell-international.com\/it\/wp-json\/wp\/v2\/comments?post=558"}],"version-history":[{"count":1,"href":"https:\/\/www.schell-international.com\/it\/wp-json\/wp\/v2\/pages\/558\/revisions"}],"predecessor-version":[{"id":559,"href":"https:\/\/www.schell-international.com\/it\/wp-json\/wp\/v2\/pages\/558\/revisions\/559"}],"wp:featuredmedia":[{"embeddable":true,"href":"https:\/\/www.schell-international.com\/it\/wp-json\/wp\/v2\/media\/188"}],"wp:attachment":[{"href":"https:\/\/www.schell-international.com\/it\/wp-json\/wp\/v2\/media?parent=558"}],"curies":[{"name":"wp","href":"https:\/\/api.w.org\/{rel}","templated":true}]}}